{"id":188,"date":"2013-03-02T15:13:49","date_gmt":"2013-03-02T15:13:49","guid":{"rendered":"http:\/\/musikblog.baldursson.dk\/?page_id=188"},"modified":"2014-02-10T00:31:26","modified_gmt":"2014-02-09T23:31:26","slug":"om-mig","status":"publish","type":"page","link":"http:\/\/musikblog.dk\/?page_id=188","title":{"rendered":"Om mig"},"content":{"rendered":"<p>Jeg hedder Kjartan F. Stolberg, og jeg elsker musik. Jeg elsker rock, jeg elsker pop, jeg elsker hip hop, R&amp;B, electronica, jazz, blues, eksperimentel musik og stort set alle andre genrer fra de sidste 100 \u00e5r. Jeg har mine problemer med et par f\u00e5 stykker, men langt de f\u00e6rreste genrer har aldrig budt mig et eneste stykke musik, jeg kunne lide. Jeg elsker ogs\u00e5 at skrive, s\u00e5 disse to ting g\u00e5r som h\u00e5nd i handske. Jeg har anmeldt musik siden Juni 2012, og jeg er kun blevet klogere p\u00e5 musik siden da. Da gjorde jeg det kun for mine facebook-venner, og siden er projektet blevet rykket til denne blog. PT anmelder jeg Rolling Stone-listen over de 500 bedste albums nogensinde &#8211; et album ad gangen. Jeg arbejder efter <a href=\"http:\/\/archer2000.tripod.com\/sbs\/awardsrs500.html\">2003-udgaven<\/a>, og n\u00e5r jeg en dag er f\u00e6rdig med den, vil jeg anmelde de albums, der blev tilf\u00f8jet p\u00e5 <a href=\"http:\/\/www.last.fm\/user\/RadioKaKa\/journal\/2012\/05\/02\/5g5i4g_rolling_stone%27s_500_greatest_albums_of_all_time_%282012_edition%29\">2012-udgaven<\/a>.<\/p>\n<p>Derudover har jeg ogs\u00e5 et ugentligt radioprogram, der k\u00f8rer p\u00e5 <a href=\"http:\/\/www.kanalplus.fm\/rockkanalen\/\">Rockkanalen<\/a>, som du b\u00e5de kan finde p\u00e5 DAB+ og som netradio. Programmet hedder The Vinyl Countdown, og det sendes hver onsdag kl. 17 og genudsendes hver f\u00f8lgende s\u00f8ndag kl. 15. I radioprogrammet g\u00e5r vi ligeledes gennem de 500 albums. Desuden kan mine anmeldelser ogs\u00e5 opleves p\u00e5 <a href=\"http:\/\/www.bibzoom.dk\/\">Bibzoom<\/a>. Og s\u00e5 laver jeg ogs\u00e5 <a href=\"http:\/\/open.spotify.com\/user\/1140411595\">Spotify-playlister<\/a>, og jeg har bl.a. en, der ugentligt bliver opdateret med musik, der er blevet spillet i <a href=\"http:\/\/open.spotify.com\/user\/1140411595\/playlist\/6XIQIoQ7pE4QnS8S04B5ck\">The Vinyl Countdown<\/a>.<\/p>\n","protected":false},"excerpt":{"rendered":"<p>Jeg hedder Kjartan F. Stolberg, og jeg elsker musik. Jeg elsker rock, jeg elsker pop, jeg elsker hip hop, R&amp;B, electronica, jazz, blues, eksperimentel musik og stort set alle andre genrer fra de sidste 100 \u00e5r. Jeg har mine problemer &hellip; <a href=\"http:\/\/musikblog.dk\/?page_id=188\">L\u00e6s resten <span class=\"meta-nav\">&rarr;<\/span><\/a><\/p>\n","protected":false},"author":1,"featured_media":0,"parent":0,"menu_order":0,"comment_status":"open","ping_status":"open","template":"","meta":[],"_links":{"self":[{"href":"http:\/\/musikblog.dk\/index.php?rest_route=\/wp\/v2\/pages\/188"}],"collection":[{"href":"http:\/\/musikblog.dk\/index.php?rest_route=\/wp\/v2\/pages"}],"about":[{"href":"http:\/\/musikblog.dk\/index.php?rest_route=\/wp\/v2\/types\/page"}],"author":[{"embeddable":true,"href":"http:\/\/musikblog.dk\/index.php?rest_route=\/wp\/v2\/users\/1"}],"replies":[{"embeddable":true,"href":"http:\/\/musikblog.dk\/index.php?rest_route=%2Fwp%2Fv2%2Fcomments&post=188"}],"version-history":[{"count":8,"href":"http:\/\/musikblog.dk\/index.php?rest_route=\/wp\/v2\/pages\/188\/revisions"}],"predecessor-version":[{"id":956,"href":"http:\/\/musikblog.dk\/index.php?rest_route=\/wp\/v2\/pages\/188\/revisions\/956"}],"wp:attachment":[{"href":"http:\/\/musikblog.dk\/index.php?rest_route=%2Fwp%2Fv2%2Fmedia&parent=188"}],"curies":[{"name":"wp","href":"https:\/\/api.w.org\/{rel}","templated":true}]}}